{"id":1330,"date":"2024-08-17T04:04:40","date_gmt":"2024-08-17T09:04:40","guid":{"rendered":"https:\/\/pixelesagencia.com\/?page_id=1330"},"modified":"2026-01-28T16:42:00","modified_gmt":"2026-01-28T21:42:00","slug":"nosotros","status":"publish","type":"page","link":"https:\/\/pixelesagencia.com\/en\/nosotros\/","title":{"rendered":"Company"},"content":{"rendered":"<p>[et_pb_section fb_built=\u00bb1&#8243; module_id=\u00bbcontacto\u00bb _builder_version=\u00bb4.17.4&#8243; background_image=\u00bbhttps:\/\/pixelesagencia.com\/wp-content\/uploads\/2020\/05\/BANNER-CONTACTO-PIXELES.png\u00bb parallax=\u00bbon\u00bb parallax_method=\u00bboff\u00bb min_height=\u00bb152px\u00bb locked=\u00bboff\u00bb global_colors_info=\u00bb{}\u00bb][et_pb_row column_structure=\u00bb1_5,3_5,1_5&#8243; _builder_version=\u00bb4.17.4&#8243; _module_preset=\u00bbdefault\u00bb custom_padding=\u00bb||0px|||\u00bb global_colors_info=\u00bb{}\u00bb][et_pb_column type=\u00bb1_5&#8243; _builder_version=\u00bb4.17.4&#8243; _module_preset=\u00bbdefault\u00bb global_colors_info=\u00bb{}\u00bb][\/et_pb_column][et_pb_column type=\u00bb3_5&#8243; _builder_version=\u00bb4.17.4&#8243; _module_preset=\u00bbdefault\u00bb global_colors_info=\u00bb{}\u00bb][et_pb_text _builder_version=\u00bb4.27.4&#8243; _module_preset=\u00bbdefault\u00bb text_font=\u00bbPoppins|600|||||||\u00bb text_text_color=\u00bb#FFFFFF\u00bb text_font_size=\u00bb60px\u00bb text_letter_spacing=\u00bb1px\u00bb text_line_height=\u00bb1.1em\u00bb text_orientation=\u00bbcenter\u00bb width_tablet=\u00bb\u00bb width_phone=\u00bb100%\u00bb width_last_edited=\u00bbon|phone\u00bb animation_style=\u00bbslide\u00bb animation_direction=\u00bbbottom\u00bb animation_intensity_slide=\u00bb10%\u00bb text_font_size_tablet=\u00bb55px\u00bb text_font_size_phone=\u00bb35px\u00bb text_font_size_last_edited=\u00bbon|phone\u00bb locked=\u00bboff\u00bb global_colors_info=\u00bb{}\u00bb]<\/p>\n<p>\u00a1<span style=\"color: #ffd900;\">NOSOTROS<\/span>! NUESTRA HISTORIA<\/p>\n<p>[\/et_pb_text][\/et_pb_column][et_pb_column type=\u00bb1_5&#8243; _builder_version=\u00bb4.17.4&#8243; _module_preset=\u00bbdefault\u00bb global_colors_info=\u00bb{}\u00bb][\/et_pb_column][\/et_pb_row][\/et_pb_section][et_pb_section fb_built=\u00bb1&#8243; _builder_version=\u00bb4.20.2&#8243; background_color=\u00bb#FFFFFF\u00bb custom_margin=\u00bb-16px|||||\u00bb locked=\u00bboff\u00bb global_colors_info=\u00bb{}\u00bb][et_pb_row _builder_version=\u00bb4.16&#8243; global_colors_info=\u00bb{}\u00bb][et_pb_column type=\u00bb4_4&#8243; _builder_version=\u00bb4.16&#8243; global_colors_info=\u00bb{}\u00bb][et_pb_blurb title=\u00bbPixeles Estrategias Digitales\u00bb url=\u00bbhttps:\/\/www.instagram.com\/pixeles.estrategias.digitales\/\u00bb url_new_window=\u00bbon\u00bb _builder_version=\u00bb4.27.4&#8243; header_font=\u00bbPoppins|700|||||||\u00bb header_text_align=\u00bbcenter\u00bb header_text_color=\u00bb#000059&#8243; header_font_size=\u00bb34px\u00bb body_font=\u00bbMontserrat|300|||||||\u00bb body_text_align=\u00bbcenter\u00bb body_text_color=\u00bb#000059&#8243; body_font_size=\u00bb20px\u00bb body_line_height=\u00bb1em\u00bb header_font_size_tablet=\u00bb\u00bb header_font_size_phone=\u00bb30px\u00bb header_font_size_last_edited=\u00bbon|phone\u00bb global_colors_info=\u00bb{}\u00bb][\/et_pb_blurb][et_pb_text _builder_version=\u00bb4.27.4&#8243; _module_preset=\u00bbdefault\u00bb text_font=\u00bbPoppins|300|||||||\u00bb text_text_color=\u00bb#000059&#8243; text_font_size=\u00bb17px\u00bb text_line_height=\u00bb1.5em\u00bb text_orientation=\u00bbcenter\u00bb custom_padding=\u00bb||5px|||\u00bb text_font_size_tablet=\u00bb17px\u00bb text_font_size_phone=\u00bb14px\u00bb text_font_size_last_edited=\u00bbon|phone\u00bb text_orientation_tablet=\u00bbcenter\u00bb text_orientation_phone=\u00bbcenter\u00bb text_orientation_last_edited=\u00bbon|phone\u00bb global_colors_info=\u00bb{}\u00bb]<\/p>\n<p>En Pixeles Agencia, somos un equipo de creativos apasionados por el dise\u00f1o y la tecnolog\u00eda. Desde nuestra fundaci\u00f3n, nos hemos dedicado a transformar ideas en realidades digitales que destacan en el mercado. Con 7 a\u00f1os de experiencia en el sector, ofrecemos <a href=\"https:\/\/pixelesagencia.com\/servicios\/\">soluciones<\/a> integrales que abarcan desde el dise\u00f1o gr\u00e1fico hasta la gesti\u00f3n de campa\u00f1as publicitarias.<\/p>\n<p>[\/et_pb_text][et_pb_social_media_follow follow_button=\u00bbon\u00bb _builder_version=\u00bb4.27.4&#8243; _module_preset=\u00bbdefault\u00bb text_orientation=\u00bbcenter\u00bb global_colors_info=\u00bb{}\u00bb][et_pb_social_media_follow_network social_network=\u00bbfacebook\u00bb url=\u00bbhttps:\/\/www.facebook.com\/pixeles.estrategiasdigitales\/\u00bb _builder_version=\u00bb4.27.4&#8243; _module_preset=\u00bbdefault\u00bb background_color=\u00bb#4B4B4D\u00bb background_enable_color=\u00bbon\u00bb global_colors_info=\u00bb{}\u00bb follow_button=\u00bbon\u00bb url_new_window=\u00bbon\u00bb]facebook[\/et_pb_social_media_follow_network][et_pb_social_media_follow_network social_network=\u00bbinstagram\u00bb url=\u00bbhttps:\/\/www.instagram.com\/pixeles.estrategias.digitales\/\u00bb _builder_version=\u00bb4.27.4&#8243; _module_preset=\u00bbdefault\u00bb background_color=\u00bb#4B4B4D\u00bb background_enable_color=\u00bbon\u00bb global_colors_info=\u00bb{}\u00bb follow_button=\u00bbon\u00bb url_new_window=\u00bbon\u00bb]instagram[\/et_pb_social_media_follow_network][et_pb_social_media_follow_network social_network=\u00bblinkedin\u00bb url=\u00bbhttps:\/\/www.linkedin.com\/in\/agenciapixeles\/\u00bb _builder_version=\u00bb4.27.4&#8243; _module_preset=\u00bbdefault\u00bb background_color=\u00bb#4B4B4D\u00bb background_enable_color=\u00bbon\u00bb global_colors_info=\u00bb{}\u00bb follow_button=\u00bbon\u00bb url_new_window=\u00bbon\u00bb]linkedin[\/et_pb_social_media_follow_network][\/et_pb_social_media_follow][\/et_pb_column][\/et_pb_row][\/et_pb_section][et_pb_section fb_built=\u00bb1&#8243; specialty=\u00bbon\u00bb _builder_version=\u00bb4.27.0&#8243; _module_preset=\u00bbdefault\u00bb background_color=\u00bb#000059&#8243; global_colors_info=\u00bb{}\u00bb][et_pb_column type=\u00bb1_2&#8243; specialty_columns=\u00bb2&#8243; _builder_version=\u00bb4.16&#8243; custom_padding=\u00bb|||\u00bb global_colors_info=\u00bb{}\u00bb custom_padding__hover=\u00bb|||\u00bb][et_pb_row_inner _builder_version=\u00bb4.27.0&#8243; _module_preset=\u00bbdefault\u00bb global_colors_info=\u00bb{}\u00bb][et_pb_column_inner saved_specialty_column_type=\u00bb1_2&#8243; _builder_version=\u00bb4.27.0&#8243; _module_preset=\u00bbdefault\u00bb global_colors_info=\u00bb{}\u00bb][et_pb_text _builder_version=\u00bb4.27.4&#8243; _module_preset=\u00bbdefault\u00bb text_font=\u00bbPoppins|300|||||||\u00bb text_text_color=\u00bb#FFFFFF\u00bb text_font_size=\u00bb18px\u00bb text_line_height=\u00bb1.3em\u00bb text_font_size_tablet=\u00bb18px\u00bb text_font_size_phone=\u00bb14px\u00bb text_font_size_last_edited=\u00bbon|phone\u00bb locked=\u00bboff\u00bb global_colors_info=\u00bb{}\u00bb text_font_size__hover_enabled=\u00bbon|desktop\u00bb text_font_size__hover=\u00bb16px\u00bb]<\/p>\n<p><span style=\"color: #000059;\"><strong><\/strong><\/span><span style=\"color: #ffd900;\"><strong>Nuestra Historia<\/strong><\/span><br \/>Pixeles Agencia naci\u00f3 de la visi\u00f3n de <span style=\"color: #ffd900;\"><a href=\"https:\/\/freymantorres.com\/\" style=\"color: #ffd900;\"><strong>Freyman Torres<\/strong><\/a><\/span> un Colombiano que actualmente vive en Italia, profesional del dise\u00f1o gr\u00e1fico y el marketing digital que quer\u00edan ofrecer servicios de alta calidad a empresas de todos los tama\u00f1os. Nuestro objetivo siempre ha sido ayudar a nuestros clientes a alcanzar sus metas a trav\u00e9s de estrategias creativas y efectivas.<\/p>\n<p>[\/et_pb_text][\/et_pb_column_inner][\/et_pb_row_inner][et_pb_row_inner _builder_version=\u00bb4.27.0&#8243; _module_preset=\u00bbdefault\u00bb global_colors_info=\u00bb{}\u00bb][et_pb_column_inner saved_specialty_column_type=\u00bb1_2&#8243; _builder_version=\u00bb4.27.0&#8243; _module_preset=\u00bbdefault\u00bb global_colors_info=\u00bb{}\u00bb][et_pb_toggle title=\u00bbNuestra Misi\u00f3n\u00bb icon_color=\u00bb#000059&#8243; open_icon_color=\u00bb#4B4B4D\u00bb _builder_version=\u00bb4.27.4&#8243; _module_preset=\u00bbdefault\u00bb title_text_color=\u00bb#000059&#8243; title_font=\u00bbPoppins||||||||\u00bb body_font=\u00bbPoppins|300|||||||\u00bb body_text_color=\u00bb#000000&#8243; body_font_size=\u00bb15px\u00bb body_line_height=\u00bb1.3em\u00bb locked=\u00bboff\u00bb global_colors_info=\u00bb{}\u00bb]<\/p>\n<p>Nuestra misi\u00f3n es proporcionar soluciones digitales innovadoras que impulsen el crecimiento de nuestros clientes. Nos esforzamos por mantenernos a la vanguardia de las tendencias del mercado y utilizar las \u00faltimas tecnolog\u00edas para ofrecer resultados excepcionales.<\/p>\n<p>[\/et_pb_toggle][et_pb_toggle title=\u00bbNuestros Valores\u00bb icon_color=\u00bb#000059&#8243; open_icon_color=\u00bb#4B4B4D\u00bb _builder_version=\u00bb4.27.4&#8243; _module_preset=\u00bbdefault\u00bb title_text_color=\u00bb#000059&#8243; title_font=\u00bbPoppins||||||||\u00bb body_font=\u00bbPoppins|300|||||||\u00bb body_text_color=\u00bb#000000&#8243; body_font_size=\u00bb15px\u00bb body_line_height=\u00bb1.3em\u00bb locked=\u00bboff\u00bb global_colors_info=\u00bb{}\u00bb]<\/p>\n<p>Creatividad: Nos apasiona el dise\u00f1o y buscamos siempre nuevas formas de innovar.<\/p>\n<p>Calidad: Nos comprometemos a ofrecer servicios de la m\u00e1s alta calidad.<br \/>Transparencia: Mantenemos una comunicaci\u00f3n abierta y honesta con nuestros clientes.<\/p>\n<p>Compromiso: Nos dedicamos al \u00e9xito de nuestros clientes y trabajamos incansablemente para lograrlo.<\/p>\n<p>[\/et_pb_toggle][et_pb_toggle title=\u00bbNuestro Equipo Y Partners\u00bb icon_color=\u00bb#000059&#8243; open_icon_color=\u00bb#4B4B4D\u00bb _builder_version=\u00bb4.27.4&#8243; _module_preset=\u00bbdefault\u00bb title_text_color=\u00bb#000059&#8243; title_font=\u00bbPoppins||||||||\u00bb body_font=\u00bbPoppins|300|||||||\u00bb body_font_size=\u00bb15px\u00bb body_line_height=\u00bb1.3em\u00bb locked=\u00bboff\u00bb global_colors_info=\u00bb{}\u00bb]<\/p>\n<p>Contamos con un equipo\u00a0 de dise\u00f1adores, desarrolladores y especialistas en marketing digital que trabajan juntos para ofrecer soluciones integrales. Cada miembro de nuestro equipo aporta su experiencia y creatividad para asegurar que cada proyecto sea un \u00e9xito.<\/p>\n<p>[\/et_pb_toggle][\/et_pb_column_inner][\/et_pb_row_inner][\/et_pb_column][et_pb_column type=\u00bb1_2&#8243; _builder_version=\u00bb4.16&#8243; custom_padding=\u00bb|||\u00bb global_colors_info=\u00bb{}\u00bb custom_padding__hover=\u00bb|||\u00bb][et_pb_image src=\u00bbhttps:\/\/pixelesagencia.com\/wp-content\/uploads\/2020\/05\/cropped-LOGO-PIXELES-1.png\u00bb title_text=\u00bbcropped-LOGO-PIXELES-1.png\u00bb align=\u00bbcenter\u00bb _builder_version=\u00bb4.27.0&#8243; _module_preset=\u00bbdefault\u00bb width=\u00bb55%\u00bb width_tablet=\u00bb55%\u00bb width_phone=\u00bb80%\u00bb width_last_edited=\u00bbon|phone\u00bb locked=\u00bboff\u00bb global_colors_info=\u00bb{}\u00bb][\/et_pb_image][et_pb_text _builder_version=\u00bb4.27.4&#8243; _module_preset=\u00bbdefault\u00bb text_font=\u00bbPoppins|300|||||||\u00bb text_text_color=\u00bb#FFFFFF\u00bb text_font_size=\u00bb18px\u00bb text_line_height=\u00bb1.3em\u00bb text_font_size_tablet=\u00bb18px\u00bb text_font_size_phone=\u00bb14px\u00bb text_font_size_last_edited=\u00bbon|phone\u00bb locked=\u00bboff\u00bb global_colors_info=\u00bb{}\u00bb text_font_size__hover_enabled=\u00bboff|desktop\u00bb text_font_size__hover=\u00bb16px\u00bb]<\/p>\n<p><span style=\"color: #000059;\"><strong><\/strong><\/span><span style=\"color: #ffd900;\"><strong><\/strong><strong>\u00bfPor Qu\u00e9 Elegirnos?<\/strong><\/span><br \/>En Pixeles Agencia, nos diferenciamos por nuestra dedicaci\u00f3n al detalle y nuestro enfoque centrado en el <span style=\"color: #ffd900;\"><a href=\"https:\/\/pixelesagencia.com\/clientes\/\" style=\"color: #ffd900;\">cliente<\/a><\/span>. Nos tomamos el tiempo para entender las necesidades de cada cliente y desarrollar estrategias personalizadas que realmente funcionen.<\/p>\n<p>[\/et_pb_text][\/et_pb_column][\/et_pb_section][et_pb_section fb_built=\u00bb1&#8243; module_id=\u00bbcontacto\u00bb _builder_version=\u00bb4.27.0&#8243; background_enable_image=\u00bboff\u00bb parallax=\u00bbon\u00bb parallax_method=\u00bboff\u00bb min_height=\u00bb152px\u00bb custom_margin=\u00bb0px||0px||false|false\u00bb custom_padding=\u00bb0px||0px||false|false\u00bb locked=\u00bboff\u00bb global_colors_info=\u00bb{}\u00bb][et_pb_row make_equal=\u00bbon\u00bb _builder_version=\u00bb4.27.0&#8243; _module_preset=\u00bbdefault\u00bb width=\u00bb100%\u00bb max_width=\u00bb1440px\u00bb custom_margin=\u00bb0px||0px||false|false\u00bb custom_padding=\u00bb0px||0px||false|false\u00bb locked=\u00bboff\u00bb global_colors_info=\u00bb{}\u00bb][et_pb_column type=\u00bb4_4&#8243; _builder_version=\u00bb4.20.2&#8243; _module_preset=\u00bbdefault\u00bb global_colors_info=\u00bb{}\u00bb][ba_image_carousel content_alignment=\u00bbcenter\u00bb is_variable_width=\u00bbon\u00bb slide_width=\u00bb285px\u00bb slide_spacing=\u00bb20px\u00bb nav_height=\u00bb48px\u00bb nav_width=\u00bb48px\u00bb nav_color=\u00bb#ffffff\u00bb nav_bg=\u00bbRGBA(255,255,255,0)\u00bb icon_left=\u00bb&#xf104;||fa||900&#8243; icon_right=\u00bb&#xf105;||fa||900&#8243; slide_width_tablet=\u00bb\u00bb slide_width_phone=\u00bb394px\u00bb slide_width_last_edited=\u00bbon|phone\u00bb _builder_version=\u00bb4.27.5&#8243; _module_preset=\u00bbdefault\u00bb width=\u00bb100%\u00bb custom_margin=\u00bb0px||0px||false|false\u00bb custom_padding=\u00bb0px||0px||false|false\u00bb hover_enabled=\u00bb0&#8243; global_colors_info=\u00bb{}\u00bb sticky_enabled=\u00bb0&#8243;][ba_image_carousel_child photo=\u00bbhttps:\/\/pixelesagencia.com\/wp-content\/uploads\/2024\/08\/TRIPTICO-ORAL-CLINICA-ODONTOLOGICA-min.png\u00bb _builder_version=\u00bb4.27.5&#8243; hover_enabled=\u00bb0&#8243; global_colors_info=\u00bb{}\u00bb sticky_enabled=\u00bb0&#8243;][\/ba_image_carousel_child][ba_image_carousel_child photo=\u00bbhttps:\/\/pixelesagencia.com\/wp-content\/uploads\/2025\/09\/logo-la-hipica-tres-cantos.png\u00bb _builder_version=\u00bb4.27.5&#8243; hover_enabled=\u00bb0&#8243; global_colors_info=\u00bb{}\u00bb sticky_enabled=\u00bb0&#8243;][\/ba_image_carousel_child][ba_image_carousel_child photo=\u00bbhttps:\/\/pixelesagencia.com\/wp-content\/uploads\/2025\/07\/logo-puchades-solar-min.png\u00bb _builder_version=\u00bb4.27.5&#8243; hover_enabled=\u00bb0&#8243; global_colors_info=\u00bb{}\u00bb sticky_enabled=\u00bb0&#8243;][\/ba_image_carousel_child][ba_image_carousel_child photo=\u00bbhttps:\/\/pixelesagencia.com\/wp-content\/uploads\/2024\/08\/logo-toflo-radio-min.png\u00bb _builder_version=\u00bb4.27.5&#8243; hover_enabled=\u00bb0&#8243; global_colors_info=\u00bb{}\u00bb alt=\u00bbEmisora Online &#8211; Estaci\u00f3n de radio 100% digital con programaci\u00f3n musical rock y pop de los 70,s 80,s 90,s.\u00bb title_text=\u00bbToflo Radio &#8211; Rock &#038; Pop &#8211; Pixeles Agencia\u00bb sticky_enabled=\u00bb0&#8243;][\/ba_image_carousel_child][ba_image_carousel_child photo=\u00bbhttps:\/\/pixelesagencia.com\/wp-content\/uploads\/2024\/08\/logo-cea-mosquera-sas-min.png\u00bb _builder_version=\u00bb4.27.5&#8243; hover_enabled=\u00bb0&#8243; global_colors_info=\u00bb{}\u00bb sticky_enabled=\u00bb0&#8243;][\/ba_image_carousel_child][ba_image_carousel_child photo=\u00bbhttps:\/\/pixelesagencia.com\/wp-content\/uploads\/2025\/07\/logo-el-carriel-restaurante-min.png\u00bb _builder_version=\u00bb4.27.5&#8243; hover_enabled=\u00bb0&#8243; global_colors_info=\u00bb{}\u00bb sticky_enabled=\u00bb0&#8243;][\/ba_image_carousel_child][ba_image_carousel_child photo=\u00bbhttps:\/\/pixelesagencia.com\/wp-content\/uploads\/2024\/08\/logo-la-academia-de-conduccion-min.png\u00bb _builder_version=\u00bb4.27.0&#8243; global_colors_info=\u00bb{}\u00bb][\/ba_image_carousel_child][\/ba_image_carousel][\/et_pb_column][\/et_pb_row][\/et_pb_section]<\/p>\n","protected":false},"excerpt":{"rendered":"<p>\u00a1NOSOTROS! NUESTRA HISTORIAEn Pixeles Agencia, somos un equipo de creativos apasionados por el dise\u00f1o y la tecnolog\u00eda. Desde nuestra fundaci\u00f3n, nos hemos dedicado a transformar ideas en realidades digitales que destacan en el mercado. Con 7 a\u00f1os de experiencia en el sector, ofrecemos soluciones integrales que abarcan desde el dise\u00f1o gr\u00e1fico hasta la gesti\u00f3n de [&hellip;]<\/p>\n","protected":false},"author":1,"featured_media":405,"parent":0,"menu_order":0,"comment_status":"closed","ping_status":"closed","template":"","meta":{"_et_pb_use_builder":"on","_et_pb_old_content":"<!-- wp:divi\/placeholder \/-->","_et_gb_content_width":"","footnotes":""},"class_list":["post-1330","page","type-page","status-publish","has-post-thumbnail","hentry"],"yoast_head":"<!-- This site is optimized with the Yoast SEO Premium plugin v20.2.1 (Yoast SEO v27.4) - https:\/\/yoast.com\/product\/yoast-seo-premium-wordpress\/ -->\n<title>\u2714 NOSOTROS LA AGENCIA \ud83d\ude80 - Pixeles Estrategias Digitales<\/title>\n<meta name=\"description\" content=\"\u2714 NOSOTROS LA AGENCIA \ud83d\ude80 Con 7 a\u00f1os de experiencia en el sector somos un equipo de creativos por el dise\u00f1o y la tecnolog\u00eda, VEN Y CONOCE M\u00c1S!\" \/>\n<meta name=\"robots\" content=\"index, follow, max-snippet:-1, max-image-preview:large, max-video-preview:-1\" \/>\n<link rel=\"canonical\" href=\"https:\/\/pixelesagencia.com\/en\/nosotros\/\" \/>\n<meta property=\"og:locale\" content=\"en_GB\" \/>\n<meta property=\"og:type\" content=\"article\" \/>\n<meta property=\"og:title\" content=\"Nosotros\" \/>\n<meta property=\"og:description\" content=\"\u2714 NOSOTROS LA AGENCIA \ud83d\ude80 Con 7 a\u00f1os de experiencia en el sector somos un equipo de creativos por el dise\u00f1o y la tecnolog\u00eda, VEN Y CONOCE M\u00c1S!\" \/>\n<meta property=\"og:url\" content=\"https:\/\/pixelesagencia.com\/en\/nosotros\/\" \/>\n<meta property=\"og:site_name\" content=\"Pixeles Estrategias Digitales\" \/>\n<meta property=\"article:publisher\" content=\"https:\/\/www.facebook.com\/pixeles.estrategiasdigitales.5\" \/>\n<meta property=\"article:modified_time\" content=\"2026-01-28T21:42:00+00:00\" \/>\n<meta property=\"og:image\" content=\"https:\/\/pixelesagencia.com\/wp-content\/uploads\/2020\/05\/LOGO-PIXELES.png\" \/>\n\t<meta property=\"og:image:width\" content=\"641\" \/>\n\t<meta property=\"og:image:height\" content=\"640\" \/>\n\t<meta property=\"og:image:type\" content=\"image\/png\" \/>\n<meta name=\"twitter:label1\" content=\"Estimated reading time\" \/>\n\t<meta name=\"twitter:data1\" content=\"3 minutes\" \/>\n<script type=\"application\/ld+json\" class=\"yoast-schema-graph\">{\"@context\":\"https:\\\/\\\/schema.org\",\"@graph\":[{\"@type\":\"WebPage\",\"@id\":\"https:\\\/\\\/pixelesagencia.com\\\/nosotros\\\/\",\"url\":\"https:\\\/\\\/pixelesagencia.com\\\/nosotros\\\/\",\"name\":\"\u2714 NOSOTROS LA AGENCIA \ud83d\ude80 - Pixeles Estrategias Digitales\",\"isPartOf\":{\"@id\":\"https:\\\/\\\/pixelesagencia.com\\\/#website\"},\"primaryImageOfPage\":{\"@id\":\"https:\\\/\\\/pixelesagencia.com\\\/nosotros\\\/#primaryimage\"},\"image\":{\"@id\":\"https:\\\/\\\/pixelesagencia.com\\\/nosotros\\\/#primaryimage\"},\"thumbnailUrl\":\"https:\\\/\\\/pixelesagencia.com\\\/wp-content\\\/uploads\\\/2020\\\/05\\\/LOGO-PIXELES.png\",\"datePublished\":\"2024-08-17T09:04:40+00:00\",\"dateModified\":\"2026-01-28T21:42:00+00:00\",\"description\":\"\u2714 NOSOTROS LA AGENCIA \ud83d\ude80 Con 7 a\u00f1os de experiencia en el sector somos un equipo de creativos por el dise\u00f1o y la tecnolog\u00eda, VEN Y CONOCE M\u00c1S!\",\"breadcrumb\":{\"@id\":\"https:\\\/\\\/pixelesagencia.com\\\/nosotros\\\/#breadcrumb\"},\"inLanguage\":\"en-GB\",\"potentialAction\":[{\"@type\":\"ReadAction\",\"target\":[\"https:\\\/\\\/pixelesagencia.com\\\/nosotros\\\/\"]}]},{\"@type\":\"ImageObject\",\"inLanguage\":\"en-GB\",\"@id\":\"https:\\\/\\\/pixelesagencia.com\\\/nosotros\\\/#primaryimage\",\"url\":\"https:\\\/\\\/pixelesagencia.com\\\/wp-content\\\/uploads\\\/2020\\\/05\\\/LOGO-PIXELES.png\",\"contentUrl\":\"https:\\\/\\\/pixelesagencia.com\\\/wp-content\\\/uploads\\\/2020\\\/05\\\/LOGO-PIXELES.png\",\"width\":641,\"height\":640,\"caption\":\"Dise\u00f1amos tu web, en pixeles estrategias digitales somo innovadores y creativos, para tus proyectos e ideas, estamos para alcanzar tus metas.\"},{\"@type\":\"BreadcrumbList\",\"@id\":\"https:\\\/\\\/pixelesagencia.com\\\/nosotros\\\/#breadcrumb\",\"itemListElement\":[{\"@type\":\"ListItem\",\"position\":1,\"name\":\"Portada\",\"item\":\"https:\\\/\\\/pixelesagencia.com\\\/\"},{\"@type\":\"ListItem\",\"position\":2,\"name\":\"Nosotros\"}]},{\"@type\":\"WebSite\",\"@id\":\"https:\\\/\\\/pixelesagencia.com\\\/#website\",\"url\":\"https:\\\/\\\/pixelesagencia.com\\\/\",\"name\":\"Pixeles Estrategias Digitales\",\"description\":\"Dise\u00f1amos Tu Sitio Web en Cali - Colombia - Pixeles Estrategias Digitales\",\"publisher\":{\"@id\":\"https:\\\/\\\/pixelesagencia.com\\\/#organization\"},\"potentialAction\":[{\"@type\":\"SearchAction\",\"target\":{\"@type\":\"EntryPoint\",\"urlTemplate\":\"https:\\\/\\\/pixelesagencia.com\\\/?s={search_term_string}\"},\"query-input\":{\"@type\":\"PropertyValueSpecification\",\"valueRequired\":true,\"valueName\":\"search_term_string\"}}],\"inLanguage\":\"en-GB\"},{\"@type\":\"Organization\",\"@id\":\"https:\\\/\\\/pixelesagencia.com\\\/#organization\",\"name\":\"Pixeles Estrategias Digitales\",\"alternateName\":\"Pixeles Agencia\",\"url\":\"https:\\\/\\\/pixelesagencia.com\\\/\",\"logo\":{\"@type\":\"ImageObject\",\"inLanguage\":\"en-GB\",\"@id\":\"https:\\\/\\\/pixelesagencia.com\\\/#\\\/schema\\\/logo\\\/image\\\/\",\"url\":\"https:\\\/\\\/pixelesagencia.com\\\/wp-content\\\/uploads\\\/2020\\\/05\\\/LOGO-PIXELES.png\",\"contentUrl\":\"https:\\\/\\\/pixelesagencia.com\\\/wp-content\\\/uploads\\\/2020\\\/05\\\/LOGO-PIXELES.png\",\"width\":641,\"height\":640,\"caption\":\"Pixeles Estrategias Digitales\"},\"image\":{\"@id\":\"https:\\\/\\\/pixelesagencia.com\\\/#\\\/schema\\\/logo\\\/image\\\/\"},\"sameAs\":[\"https:\\\/\\\/www.facebook.com\\\/pixeles.estrategiasdigitales.5\",\"https:\\\/\\\/www.instagram.com\\\/pixeles.estrategias.digitales\\\/?hl=es-la\"]}]}<\/script>\n<!-- \/ Yoast SEO Premium plugin. -->","yoast_head_json":{"title":"\u2714 NOSOTROS LA AGENCIA \ud83d\ude80 - Pixeles Estrategias Digitales","description":"\u2714 NOSOTROS LA AGENCIA \ud83d\ude80 Con 7 a\u00f1os de experiencia en el sector somos un equipo de creativos por el dise\u00f1o y la tecnolog\u00eda, VEN Y CONOCE M\u00c1S!","robots":{"index":"index","follow":"follow","max-snippet":"max-snippet:-1","max-image-preview":"max-image-preview:large","max-video-preview":"max-video-preview:-1"},"canonical":"https:\/\/pixelesagencia.com\/en\/nosotros\/","og_locale":"en_GB","og_type":"article","og_title":"Nosotros","og_description":"\u2714 NOSOTROS LA AGENCIA \ud83d\ude80 Con 7 a\u00f1os de experiencia en el sector somos un equipo de creativos por el dise\u00f1o y la tecnolog\u00eda, VEN Y CONOCE M\u00c1S!","og_url":"https:\/\/pixelesagencia.com\/en\/nosotros\/","og_site_name":"Pixeles Estrategias Digitales","article_publisher":"https:\/\/www.facebook.com\/pixeles.estrategiasdigitales.5","article_modified_time":"2026-01-28T21:42:00+00:00","og_image":[{"width":641,"height":640,"url":"https:\/\/pixelesagencia.com\/wp-content\/uploads\/2020\/05\/LOGO-PIXELES.png","type":"image\/png"}],"twitter_misc":{"Estimated reading time":"3 minutes"},"schema":{"@context":"https:\/\/schema.org","@graph":[{"@type":"WebPage","@id":"https:\/\/pixelesagencia.com\/nosotros\/","url":"https:\/\/pixelesagencia.com\/nosotros\/","name":"\u2714 NOSOTROS LA AGENCIA \ud83d\ude80 - Pixeles Estrategias Digitales","isPartOf":{"@id":"https:\/\/pixelesagencia.com\/#website"},"primaryImageOfPage":{"@id":"https:\/\/pixelesagencia.com\/nosotros\/#primaryimage"},"image":{"@id":"https:\/\/pixelesagencia.com\/nosotros\/#primaryimage"},"thumbnailUrl":"https:\/\/pixelesagencia.com\/wp-content\/uploads\/2020\/05\/LOGO-PIXELES.png","datePublished":"2024-08-17T09:04:40+00:00","dateModified":"2026-01-28T21:42:00+00:00","description":"\u2714 NOSOTROS LA AGENCIA \ud83d\ude80 Con 7 a\u00f1os de experiencia en el sector somos un equipo de creativos por el dise\u00f1o y la tecnolog\u00eda, VEN Y CONOCE M\u00c1S!","breadcrumb":{"@id":"https:\/\/pixelesagencia.com\/nosotros\/#breadcrumb"},"inLanguage":"en-GB","potentialAction":[{"@type":"ReadAction","target":["https:\/\/pixelesagencia.com\/nosotros\/"]}]},{"@type":"ImageObject","inLanguage":"en-GB","@id":"https:\/\/pixelesagencia.com\/nosotros\/#primaryimage","url":"https:\/\/pixelesagencia.com\/wp-content\/uploads\/2020\/05\/LOGO-PIXELES.png","contentUrl":"https:\/\/pixelesagencia.com\/wp-content\/uploads\/2020\/05\/LOGO-PIXELES.png","width":641,"height":640,"caption":"Dise\u00f1amos tu web, en pixeles estrategias digitales somo innovadores y creativos, para tus proyectos e ideas, estamos para alcanzar tus metas."},{"@type":"BreadcrumbList","@id":"https:\/\/pixelesagencia.com\/nosotros\/#breadcrumb","itemListElement":[{"@type":"ListItem","position":1,"name":"Portada","item":"https:\/\/pixelesagencia.com\/"},{"@type":"ListItem","position":2,"name":"Nosotros"}]},{"@type":"WebSite","@id":"https:\/\/pixelesagencia.com\/#website","url":"https:\/\/pixelesagencia.com\/","name":"Digital Strategy Pixels","description":"Dise\u00f1amos Tu Sitio Web en Cali - Colombia - Pixeles Estrategias Digitales","publisher":{"@id":"https:\/\/pixelesagencia.com\/#organization"},"potentialAction":[{"@type":"SearchAction","target":{"@type":"EntryPoint","urlTemplate":"https:\/\/pixelesagencia.com\/?s={search_term_string}"},"query-input":{"@type":"PropertyValueSpecification","valueRequired":true,"valueName":"search_term_string"}}],"inLanguage":"en-GB"},{"@type":"Organization","@id":"https:\/\/pixelesagencia.com\/#organization","name":"Digital Strategy Pixels","alternateName":"Pixeles Agencia","url":"https:\/\/pixelesagencia.com\/","logo":{"@type":"ImageObject","inLanguage":"en-GB","@id":"https:\/\/pixelesagencia.com\/#\/schema\/logo\/image\/","url":"https:\/\/pixelesagencia.com\/wp-content\/uploads\/2020\/05\/LOGO-PIXELES.png","contentUrl":"https:\/\/pixelesagencia.com\/wp-content\/uploads\/2020\/05\/LOGO-PIXELES.png","width":641,"height":640,"caption":"Pixeles Estrategias Digitales"},"image":{"@id":"https:\/\/pixelesagencia.com\/#\/schema\/logo\/image\/"},"sameAs":["https:\/\/www.facebook.com\/pixeles.estrategiasdigitales.5","https:\/\/www.instagram.com\/pixeles.estrategias.digitales\/?hl=es-la"]}]}},"_links":{"self":[{"href":"https:\/\/pixelesagencia.com\/en\/wp-json\/wp\/v2\/pages\/1330","targetHints":{"allow":["GET"]}}],"collection":[{"href":"https:\/\/pixelesagencia.com\/en\/wp-json\/wp\/v2\/pages"}],"about":[{"href":"https:\/\/pixelesagencia.com\/en\/wp-json\/wp\/v2\/types\/page"}],"author":[{"embeddable":true,"href":"https:\/\/pixelesagencia.com\/en\/wp-json\/wp\/v2\/users\/1"}],"replies":[{"embeddable":true,"href":"https:\/\/pixelesagencia.com\/en\/wp-json\/wp\/v2\/comments?post=1330"}],"version-history":[{"count":0,"href":"https:\/\/pixelesagencia.com\/en\/wp-json\/wp\/v2\/pages\/1330\/revisions"}],"wp:featuredmedia":[{"embeddable":true,"href":"https:\/\/pixelesagencia.com\/en\/wp-json\/wp\/v2\/media\/405"}],"wp:attachment":[{"href":"https:\/\/pixelesagencia.com\/en\/wp-json\/wp\/v2\/media?parent=1330"}],"curies":[{"name":"wp","href":"https:\/\/api.w.org\/{rel}","templated":true}]}}