{"id":22,"date":"2023-07-03T14:02:11","date_gmt":"2023-07-03T19:02:11","guid":{"rendered":"https:\/\/pixelesagencia.com\/?page_id=22"},"modified":"2025-08-25T12:49:14","modified_gmt":"2025-08-25T17:49:14","slug":"politicas-de-privacidad","status":"publish","type":"page","link":"https:\/\/pixelesagencia.com\/en\/politicas-de-privacidad\/","title":{"rendered":"Privacy Policies"},"content":{"rendered":"\n[et_pb_section fb_built=\u00bb1&#8243; _builder_version=\u00bb4.27.0&#8243; _module_preset=\u00bbdefault\u00bb global_colors_info=\u00bb{}\u00bb][et_pb_row _builder_version=\u00bb4.27.0&#8243; _module_preset=\u00bbdefault\u00bb global_colors_info=\u00bb{}\u00bb][et_pb_column type=\u00bb4_4&#8243; _builder_version=\u00bb4.27.0&#8243; _module_preset=\u00bbdefault\u00bb global_colors_info=\u00bb{}\u00bb][et_pb_text _builder_version=\u00bb4.27.0&#8243; _module_preset=\u00bbdefault\u00bb text_font=\u00bbMontserrat||||||||\u00bb text_text_color=\u00bb#4B4B4D\u00bb text_font_size=\u00bb25px\u00bb text_orientation=\u00bbcenter\u00bb global_colors_info=\u00bb{}\u00bb]<p><strong>Pol\u00edtica de privacidad <\/strong><\/p>[\/et_pb_text][et_pb_text _builder_version=\u00bb4.27.0&#8243; _module_preset=\u00bbdefault\u00bb text_font=\u00bbMontserrat||||||||\u00bb text_text_color=\u00bb#000059&#8243; hover_enabled=\u00bb0&#8243; global_colors_info=\u00bb{}\u00bb custom_padding=\u00bb0px|||||\u00bb sticky_enabled=\u00bb0&#8243;]<p>Esta Pol\u00edtica de Privacidad describe las pol\u00edticas de Pixeles Estrategias Digitales, Via Tre Fontane 2 &#8211; <a href=\"https:\/\/maps.app.goo.gl\/HsBxZe2kXqQckK2Q8\">Bussana Imperia<\/a> &#8211; Italia, Bussana Sanremo &#8211; Imperia 18038, Italia, email: contacto.pixelesagencia.com, el tel\u00e9fono: +39-3519318512 (Italia) +57-3184854588 (Colombia) en la colecci\u00f3n, uso y divulgaci\u00f3n de su informaci\u00f3n que recopilamos cuando utilice nuestra p\u00e1gina web ( <a href=\"https:\/\/pixelesagencia.com\/\"><strong>https:\/\/pixelesagencia.com\/<\/strong><\/a> ). (el servicio). Accediendo o utilizando el Servicio, usted est\u00e1 consintiendo en la recogida, el uso y divulgaci\u00f3n de su informaci\u00f3n de acuerdo con esto <strong>Pol\u00edtica de Privacidad<\/strong>. Si no consiente lo mismo, Por favor, no acceda ni use el Servicio.<\/p>\n<p>Podemos modificar esta Pol\u00edtica de Privacidad en cualquier momento sin cualquier aviso previo a usted y publicar\u00e1 el revisado Pol\u00edtica de privacidad en el servicio. La pol\u00edtica revisada ser efectivo 180 d\u00edas desde en La pol\u00edtica revisada se publica en el Servicio y su el acceso o el uso del Servicio despu\u00e9s de ese tiempo constituir\u00e1 su aceptaci\u00f3n de la Privacidad revisada Pol\u00edtica. Por lo tanto, le recomendamos peri\u00f3dicamente revisar esta p\u00e1gina.<\/p>\n<ol>\n<li><strong>Informaci\u00f3n Recolectamos:<\/strong><\/li>\n<\/ol>\n<p>Recojaremos y procesaremos lo siguiente informaci\u00f3n personal sobre usted:<\/p>\n<ol>\n<ol>\n<li>Nombre<\/li>\n<li>Correo electr\u00f3nico<\/li>\n<li>M\u00f3vil<\/li>\n<li>Direcci\u00f3n<\/li>\n<li>Informaci\u00f3n de Pago<\/li>\n<\/ol>\n<li><strong>C\u00f3mo usamos su informaci\u00f3n:<\/strong><\/li>\n<\/ol>\n<p>Usaremos la informaci\u00f3n que recopilamos sobre usted para los siguientes fines:<\/p>\n<ol>\n<ol>\n<li>Marketing\/Promocional<\/li>\n<li>Testimonios<\/li>\n<li>Recopilaci\u00f3n de comentarios al cliente<\/li>\n<li>Publicidad dirigida<\/li>\n<li>Administrar el pedido del cliente<\/li>\n<li>Protecci\u00f3n del sitio<\/li>\n<\/ol>\n<\/ol>\n<p>Si queremos usar su informaci\u00f3n para cualquier otro prop\u00f3sito, le pediremos consentimiento y lo har\u00e1 utilice su informaci\u00f3n s\u00f3lo al recibir su consentimiento y entonces, s\u00f3lo para el prop\u00f3sito (s) para que concedamos el consentimiento a menos que se nos exija hacer de otra manera por ley.<\/p>\n<ol>\n<li><strong>C\u00f3mo compartimos su informaci\u00f3n:<\/strong><\/li>\n<\/ol>\n<p>No transferiremos su informaci\u00f3n personal a cualquier tercero sin solicitar su consentimiento, excepto en circunstancias limitadas descritas abajo:<\/p>\n<ol>\n<ol>\n<li>Servicio de anuncios<\/li>\n<li>Patrocinadores<\/li>\n<li>Agencias de comercializaci\u00f3n<\/li>\n<li>An\u00e1lisis<\/li>\n<li>Recopilaci\u00f3n de datos y proceso<\/li>\n<\/ol>\n<\/ol>\n<p>Requerimos que tales terceros usaran la informaci\u00f3n personal que les transferimos s\u00f3lo para el prop\u00f3sito para el que fue trasladado y no conservarlo durante m\u00e1s tiempo del necesario para cumplir dicho prop\u00f3sito.<\/p>\n<p>Tambi\u00e9n podemos revelar su informaci\u00f3n personal para lo siguiente: 1) cumplir las condiciones aplicables ley, reglamento, orden judicial u otro tipo de derecho proceso; (2) para hacer cumplir sus acuerdos con nosotros, incluyendo esta Pol\u00edtica de Privacidad; o (3) para responder a las reclamaciones que su uso del Servicio viola cualquier derecho de terceros. Si el Servicio o nuestra empresa se fusiona o adquiere con otra compa\u00f1\u00eda, su informaci\u00f3n ser\u00e1 una de los activos que se transfieren al nuevo propietario.<\/p>\n<ol>\n<li><strong>Retenci\u00f3n de su informaci\u00f3n:<\/strong><\/li>\n<\/ol>\n<p>Conservaremos su informaci\u00f3n personal con nosotros para 90 d\u00edas a 2 a\u00f1os despu\u00e9s de que los usuarios rescindieran sus cuentas o para el siempre y cuando lo necesitemos para que fue recogido como se detalla en este Pol\u00edtica de Privacidad. Puede que tengamos que mantener seguros. informaci\u00f3n para per\u00edodos m\u00e1s largos, como registro\/de notificaci\u00f3n de conformidad con leyes aplicables o por otras razones leg\u00edtimas como la ejecuci\u00f3n de los derechos legales, el fraude prevenci\u00f3n, etc. Informaci\u00f3n residual an\u00f3nima e informaci\u00f3n agregada, ninguna de las cuales le identifica (directa o indirectamente), puede ser almacenados indefinidamente.<\/p>\n<ol>\n<li><strong>Sus derechos:<\/strong><\/li>\n<\/ol>\n<p>Dependiendo de la ley que se aplica, usted puede tener un derecho de acceso y rectificaci\u00f3n o borrar sus datos personales o recibir una copia de su personal datos, restricci\u00f3n u objeto a la actividad el tratamiento de sus datos, p\u00eddenos compartir (puerto) su informaci\u00f3n personal a otra entidad, retirar cualquier consentimiento que nos proporcionara procesar sus datos, el derecho a presentar una queja con una autoridad estatutaria y otros derechos seg\u00fan las leyes aplicables. A ejercer estos derechos, puede escribirnos en contacto@pixelesagencia.com. Responderemos a tu solicitud de conformidad con la legislaci\u00f3n aplicable.<\/p>\n<p>Tenga en cuenta que, si no nos permite recoger o procesar la informaci\u00f3n personal requerida o retirar el consentimiento para el proceso de la misma manera de los los fines necesarios, es posible que no pueda acceder o utilizar los servicios para los que su informaci\u00f3n fue buscado.<\/p>\n<ol>\n<li><strong>Cookies Etc.<\/strong><\/li>\n<\/ol>\n<p>Para obtener m\u00e1s informaci\u00f3n sobre c\u00f3mo usamos estos y sus opciones en relaci\u00f3n con estos seguimientos tecnolog\u00edas, por favor consultemos a nuestro <a href=\"https:\/\/pixelesagencia.com\/politica-de-cookies\/\"><strong>Pol\u00edtica de cookies<\/strong>.<\/a><\/p>\n<ol>\n<li><strong>Seguridad:<\/strong><\/li>\n<\/ol>\n<p>La seguridad de su informaci\u00f3n es importante para nosotros y utilizaremos medidas de seguridad razonables para evitar la p\u00e9rdida, uso indebido o no autorizado alteraci\u00f3n de su informaci\u00f3n bajo nuestro control. Sin embargo, dados los riesgos inherentes, no puede garantizar una seguridad absoluta y En consecuencia, no podemos garantizar o garantizar la seguridad de cualquier informaci\u00f3n que nos transmitas y lo haces bajo tu propio riesgo.<\/p>\n<ol>\n<li><strong>Enlaces y uso de terceros de su informaci\u00f3n:<\/strong><\/li>\n<\/ol>\n<p>Nuestro servicio puede contener enlaces a otros sitios web que no somos operados por nosotros. Esta Pol\u00edtica de Privacidad no aborda la <a href=\"https:\/\/es.wikipedia.org\/wiki\/Pol%C3%ADtica_de_privacidad\">pol\u00edtica de privacidad<\/a> y otras pr\u00e1cticas de terceros, incluidas el tercero que opera cualquier sitio web o servicio que pueda ser accesible a trav\u00e9s de un enlace en el Servicio. Le aconsejamos encarecidamente que revise la pol\u00edtica de privacidad de cada sitio que visite. Nosotros tenemos no hay control y no asumir ninguna responsabilidad del contenido, las pol\u00edticas de privacidad o las pr\u00e1cticas de cualquier sitio o servicios de terceros.<\/p>\n<ol>\n<li><strong>Agazafista \/ Oficial de Protecci\u00f3n de Datos:<\/strong><\/li>\n<\/ol>\n<p>Si tienes alguna consulta o preocupaci\u00f3n sobre el procesamiento de su informaci\u00f3n disponible con nosotros, puede enviar un correo electr\u00f3nico a nuestro equipo en Pixeles Estrategias Digitales, Via Tre Fontane 2 &#8211; Bussana Imperia &#8211; Italia, email: contacto@pixelesagencia.com. Abordaremos sus preocupaciones de acuerdo con la ley aplicable.<\/p>[\/et_pb_text][\/et_pb_column][\/et_pb_row][\/et_pb_section]\n","protected":false},"excerpt":{"rendered":"<p>Pol\u00edtica de privacidad Esta Pol\u00edtica de Privacidad describe las pol\u00edticas de Pixeles Estrategias Digitales, Via Tre Fontane 2 &#8211; Bussana Imperia &#8211; Italia, Bussana Sanremo &#8211; Imperia 18038, Italia, email: contacto.pixelesagencia.com, el tel\u00e9fono: +39-3519318512 (Italia) +57-3184854588 (Colombia) en la colecci\u00f3n, uso y divulgaci\u00f3n de su informaci\u00f3n que recopilamos cuando utilice nuestra p\u00e1gina web ( https:\/\/pixelesagencia.com\/ [&hellip;]<\/p>\n","protected":false},"author":1,"featured_media":406,"parent":0,"menu_order":0,"comment_status":"closed","ping_status":"closed","template":"","meta":{"_et_pb_use_builder":"on","_et_pb_old_content":"<!-- wp:divi\/placeholder \/-->","_et_gb_content_width":"","footnotes":""},"class_list":["post-22","page","type-page","status-publish","has-post-thumbnail","hentry"],"yoast_head":"<!-- This site is optimized with the Yoast SEO Premium plugin v20.2.1 (Yoast SEO v27.4) - https:\/\/yoast.com\/product\/yoast-seo-premium-wordpress\/ -->\n<title>\u2714 Pol\u00edticas de Privacidad \ud83d\ude80 - Pixeles Estrategias Digitales<\/title>\n<meta name=\"description\" content=\"\u2714 Pol\u00edticas de Privacidad \ud83d\ude80 Descubre c\u00f3mo Pixeles Agencia. protege tu privacidad. Lee nuestra Pol\u00edtica de Privacidad para conocer qu\u00e9 datos..\" \/>\n<meta name=\"robots\" content=\"index, follow, max-snippet:-1, max-image-preview:large, max-video-preview:-1\" \/>\n<link rel=\"canonical\" href=\"https:\/\/pixelesagencia.com\/en\/politicas-de-privacidad\/\" \/>\n<meta property=\"og:locale\" content=\"en_GB\" \/>\n<meta property=\"og:type\" content=\"article\" \/>\n<meta property=\"og:title\" content=\"Pol\u00edticas de Privacidad\" \/>\n<meta property=\"og:description\" content=\"\u2714 Pol\u00edticas de Privacidad \ud83d\ude80 Descubre c\u00f3mo Pixeles Agencia. protege tu privacidad. Lee nuestra Pol\u00edtica de Privacidad para conocer qu\u00e9 datos..\" \/>\n<meta property=\"og:url\" content=\"https:\/\/pixelesagencia.com\/en\/politicas-de-privacidad\/\" \/>\n<meta property=\"og:site_name\" content=\"Pixeles Estrategias Digitales\" \/>\n<meta property=\"article:publisher\" content=\"https:\/\/www.facebook.com\/pixeles.estrategiasdigitales.5\" \/>\n<meta property=\"article:modified_time\" content=\"2025-08-25T17:49:14+00:00\" \/>\n<meta property=\"og:image\" content=\"https:\/\/pixelesagencia.com\/wp-content\/uploads\/2020\/05\/cropped-LOGO-PIXELES-1.png\" \/>\n\t<meta property=\"og:image:width\" content=\"512\" \/>\n\t<meta property=\"og:image:height\" content=\"512\" \/>\n\t<meta property=\"og:image:type\" content=\"image\/png\" \/>\n<meta name=\"twitter:label1\" content=\"Estimated reading time\" \/>\n\t<meta name=\"twitter:data1\" content=\"5 minutes\" \/>\n<script type=\"application\/ld+json\" class=\"yoast-schema-graph\">{\"@context\":\"https:\\\/\\\/schema.org\",\"@graph\":[{\"@type\":\"WebPage\",\"@id\":\"https:\\\/\\\/pixelesagencia.com\\\/politicas-de-privacidad\\\/\",\"url\":\"https:\\\/\\\/pixelesagencia.com\\\/politicas-de-privacidad\\\/\",\"name\":\"\u2714 Pol\u00edticas de Privacidad \ud83d\ude80 - Pixeles Estrategias Digitales\",\"isPartOf\":{\"@id\":\"https:\\\/\\\/pixelesagencia.com\\\/#website\"},\"primaryImageOfPage\":{\"@id\":\"https:\\\/\\\/pixelesagencia.com\\\/politicas-de-privacidad\\\/#primaryimage\"},\"image\":{\"@id\":\"https:\\\/\\\/pixelesagencia.com\\\/politicas-de-privacidad\\\/#primaryimage\"},\"thumbnailUrl\":\"https:\\\/\\\/pixelesagencia.com\\\/wp-content\\\/uploads\\\/2020\\\/05\\\/cropped-LOGO-PIXELES-1.png\",\"datePublished\":\"2023-07-03T19:02:11+00:00\",\"dateModified\":\"2025-08-25T17:49:14+00:00\",\"description\":\"\u2714 Pol\u00edticas de Privacidad \ud83d\ude80 Descubre c\u00f3mo Pixeles Agencia. protege tu privacidad. Lee nuestra Pol\u00edtica de Privacidad para conocer qu\u00e9 datos..\",\"breadcrumb\":{\"@id\":\"https:\\\/\\\/pixelesagencia.com\\\/politicas-de-privacidad\\\/#breadcrumb\"},\"inLanguage\":\"en-GB\",\"potentialAction\":[{\"@type\":\"ReadAction\",\"target\":[\"https:\\\/\\\/pixelesagencia.com\\\/politicas-de-privacidad\\\/\"]}]},{\"@type\":\"ImageObject\",\"inLanguage\":\"en-GB\",\"@id\":\"https:\\\/\\\/pixelesagencia.com\\\/politicas-de-privacidad\\\/#primaryimage\",\"url\":\"https:\\\/\\\/pixelesagencia.com\\\/wp-content\\\/uploads\\\/2020\\\/05\\\/cropped-LOGO-PIXELES-1.png\",\"contentUrl\":\"https:\\\/\\\/pixelesagencia.com\\\/wp-content\\\/uploads\\\/2020\\\/05\\\/cropped-LOGO-PIXELES-1.png\",\"width\":512,\"height\":512,\"caption\":\"Pixeles Agencia, somos un equipo de creativos apasionados por el dise\u00f1o y la tecnolog\u00eda. Desde nuestra fundaci\u00f3n, nos hemos dedicado a transformar ideas en realidades digitales que destacan en el mercado. Con 7 a\u00f1os de experiencia en el sector, ofrecemos soluciones integrales que abarcan desde el dise\u00f1o gr\u00e1fico hasta la gesti\u00f3n de campa\u00f1as publicitarias.\"},{\"@type\":\"BreadcrumbList\",\"@id\":\"https:\\\/\\\/pixelesagencia.com\\\/politicas-de-privacidad\\\/#breadcrumb\",\"itemListElement\":[{\"@type\":\"ListItem\",\"position\":1,\"name\":\"Portada\",\"item\":\"https:\\\/\\\/pixelesagencia.com\\\/\"},{\"@type\":\"ListItem\",\"position\":2,\"name\":\"Pol\u00edticas de Privacidad\"}]},{\"@type\":\"WebSite\",\"@id\":\"https:\\\/\\\/pixelesagencia.com\\\/#website\",\"url\":\"https:\\\/\\\/pixelesagencia.com\\\/\",\"name\":\"Pixeles Estrategias Digitales\",\"description\":\"Dise\u00f1amos Tu Sitio Web en Cali - Colombia - Pixeles Estrategias Digitales\",\"publisher\":{\"@id\":\"https:\\\/\\\/pixelesagencia.com\\\/#organization\"},\"potentialAction\":[{\"@type\":\"SearchAction\",\"target\":{\"@type\":\"EntryPoint\",\"urlTemplate\":\"https:\\\/\\\/pixelesagencia.com\\\/?s={search_term_string}\"},\"query-input\":{\"@type\":\"PropertyValueSpecification\",\"valueRequired\":true,\"valueName\":\"search_term_string\"}}],\"inLanguage\":\"en-GB\"},{\"@type\":\"Organization\",\"@id\":\"https:\\\/\\\/pixelesagencia.com\\\/#organization\",\"name\":\"Pixeles Estrategias Digitales\",\"alternateName\":\"Pixeles Agencia\",\"url\":\"https:\\\/\\\/pixelesagencia.com\\\/\",\"logo\":{\"@type\":\"ImageObject\",\"inLanguage\":\"en-GB\",\"@id\":\"https:\\\/\\\/pixelesagencia.com\\\/#\\\/schema\\\/logo\\\/image\\\/\",\"url\":\"https:\\\/\\\/pixelesagencia.com\\\/wp-content\\\/uploads\\\/2020\\\/05\\\/LOGO-PIXELES.png\",\"contentUrl\":\"https:\\\/\\\/pixelesagencia.com\\\/wp-content\\\/uploads\\\/2020\\\/05\\\/LOGO-PIXELES.png\",\"width\":641,\"height\":640,\"caption\":\"Pixeles Estrategias Digitales\"},\"image\":{\"@id\":\"https:\\\/\\\/pixelesagencia.com\\\/#\\\/schema\\\/logo\\\/image\\\/\"},\"sameAs\":[\"https:\\\/\\\/www.facebook.com\\\/pixeles.estrategiasdigitales.5\",\"https:\\\/\\\/www.instagram.com\\\/pixeles.estrategias.digitales\\\/?hl=es-la\"]}]}<\/script>\n<!-- \/ Yoast SEO Premium plugin. -->","yoast_head_json":{"title":"\u2714 Pol\u00edticas de Privacidad \ud83d\ude80 - Pixeles Estrategias Digitales","description":"\u2714 Pol\u00edticas de Privacidad \ud83d\ude80 Descubre c\u00f3mo Pixeles Agencia. protege tu privacidad. Lee nuestra Pol\u00edtica de Privacidad para conocer qu\u00e9 datos..","robots":{"index":"index","follow":"follow","max-snippet":"max-snippet:-1","max-image-preview":"max-image-preview:large","max-video-preview":"max-video-preview:-1"},"canonical":"https:\/\/pixelesagencia.com\/en\/politicas-de-privacidad\/","og_locale":"en_GB","og_type":"article","og_title":"Pol\u00edticas de Privacidad","og_description":"\u2714 Pol\u00edticas de Privacidad \ud83d\ude80 Descubre c\u00f3mo Pixeles Agencia. protege tu privacidad. Lee nuestra Pol\u00edtica de Privacidad para conocer qu\u00e9 datos..","og_url":"https:\/\/pixelesagencia.com\/en\/politicas-de-privacidad\/","og_site_name":"Pixeles Estrategias Digitales","article_publisher":"https:\/\/www.facebook.com\/pixeles.estrategiasdigitales.5","article_modified_time":"2025-08-25T17:49:14+00:00","og_image":[{"width":512,"height":512,"url":"https:\/\/pixelesagencia.com\/wp-content\/uploads\/2020\/05\/cropped-LOGO-PIXELES-1.png","type":"image\/png"}],"twitter_misc":{"Estimated reading time":"5 minutes"},"schema":{"@context":"https:\/\/schema.org","@graph":[{"@type":"WebPage","@id":"https:\/\/pixelesagencia.com\/politicas-de-privacidad\/","url":"https:\/\/pixelesagencia.com\/politicas-de-privacidad\/","name":"\u2714 Pol\u00edticas de Privacidad \ud83d\ude80 - Pixeles Estrategias Digitales","isPartOf":{"@id":"https:\/\/pixelesagencia.com\/#website"},"primaryImageOfPage":{"@id":"https:\/\/pixelesagencia.com\/politicas-de-privacidad\/#primaryimage"},"image":{"@id":"https:\/\/pixelesagencia.com\/politicas-de-privacidad\/#primaryimage"},"thumbnailUrl":"https:\/\/pixelesagencia.com\/wp-content\/uploads\/2020\/05\/cropped-LOGO-PIXELES-1.png","datePublished":"2023-07-03T19:02:11+00:00","dateModified":"2025-08-25T17:49:14+00:00","description":"\u2714 Pol\u00edticas de Privacidad \ud83d\ude80 Descubre c\u00f3mo Pixeles Agencia. protege tu privacidad. Lee nuestra Pol\u00edtica de Privacidad para conocer qu\u00e9 datos..","breadcrumb":{"@id":"https:\/\/pixelesagencia.com\/politicas-de-privacidad\/#breadcrumb"},"inLanguage":"en-GB","potentialAction":[{"@type":"ReadAction","target":["https:\/\/pixelesagencia.com\/politicas-de-privacidad\/"]}]},{"@type":"ImageObject","inLanguage":"en-GB","@id":"https:\/\/pixelesagencia.com\/politicas-de-privacidad\/#primaryimage","url":"https:\/\/pixelesagencia.com\/wp-content\/uploads\/2020\/05\/cropped-LOGO-PIXELES-1.png","contentUrl":"https:\/\/pixelesagencia.com\/wp-content\/uploads\/2020\/05\/cropped-LOGO-PIXELES-1.png","width":512,"height":512,"caption":"Pixeles Agencia, somos un equipo de creativos apasionados por el dise\u00f1o y la tecnolog\u00eda. Desde nuestra fundaci\u00f3n, nos hemos dedicado a transformar ideas en realidades digitales que destacan en el mercado. Con 7 a\u00f1os de experiencia en el sector, ofrecemos soluciones integrales que abarcan desde el dise\u00f1o gr\u00e1fico hasta la gesti\u00f3n de campa\u00f1as publicitarias."},{"@type":"BreadcrumbList","@id":"https:\/\/pixelesagencia.com\/politicas-de-privacidad\/#breadcrumb","itemListElement":[{"@type":"ListItem","position":1,"name":"Portada","item":"https:\/\/pixelesagencia.com\/"},{"@type":"ListItem","position":2,"name":"Pol\u00edticas de Privacidad"}]},{"@type":"WebSite","@id":"https:\/\/pixelesagencia.com\/#website","url":"https:\/\/pixelesagencia.com\/","name":"Digital Strategy Pixels","description":"Dise\u00f1amos Tu Sitio Web en Cali - Colombia - Pixeles Estrategias Digitales","publisher":{"@id":"https:\/\/pixelesagencia.com\/#organization"},"potentialAction":[{"@type":"SearchAction","target":{"@type":"EntryPoint","urlTemplate":"https:\/\/pixelesagencia.com\/?s={search_term_string}"},"query-input":{"@type":"PropertyValueSpecification","valueRequired":true,"valueName":"search_term_string"}}],"inLanguage":"en-GB"},{"@type":"Organization","@id":"https:\/\/pixelesagencia.com\/#organization","name":"Digital Strategy Pixels","alternateName":"Pixeles Agencia","url":"https:\/\/pixelesagencia.com\/","logo":{"@type":"ImageObject","inLanguage":"en-GB","@id":"https:\/\/pixelesagencia.com\/#\/schema\/logo\/image\/","url":"https:\/\/pixelesagencia.com\/wp-content\/uploads\/2020\/05\/LOGO-PIXELES.png","contentUrl":"https:\/\/pixelesagencia.com\/wp-content\/uploads\/2020\/05\/LOGO-PIXELES.png","width":641,"height":640,"caption":"Pixeles Estrategias Digitales"},"image":{"@id":"https:\/\/pixelesagencia.com\/#\/schema\/logo\/image\/"},"sameAs":["https:\/\/www.facebook.com\/pixeles.estrategiasdigitales.5","https:\/\/www.instagram.com\/pixeles.estrategias.digitales\/?hl=es-la"]}]}},"_links":{"self":[{"href":"https:\/\/pixelesagencia.com\/en\/wp-json\/wp\/v2\/pages\/22","targetHints":{"allow":["GET"]}}],"collection":[{"href":"https:\/\/pixelesagencia.com\/en\/wp-json\/wp\/v2\/pages"}],"about":[{"href":"https:\/\/pixelesagencia.com\/en\/wp-json\/wp\/v2\/types\/page"}],"author":[{"embeddable":true,"href":"https:\/\/pixelesagencia.com\/en\/wp-json\/wp\/v2\/users\/1"}],"replies":[{"embeddable":true,"href":"https:\/\/pixelesagencia.com\/en\/wp-json\/wp\/v2\/comments?post=22"}],"version-history":[{"count":0,"href":"https:\/\/pixelesagencia.com\/en\/wp-json\/wp\/v2\/pages\/22\/revisions"}],"wp:featuredmedia":[{"embeddable":true,"href":"https:\/\/pixelesagencia.com\/en\/wp-json\/wp\/v2\/media\/406"}],"wp:attachment":[{"href":"https:\/\/pixelesagencia.com\/en\/wp-json\/wp\/v2\/media?parent=22"}],"curies":[{"name":"wp","href":"https:\/\/api.w.org\/{rel}","templated":true}]}}